{"id":126272,"date":"2024-12-18T17:09:53","date_gmt":"2024-12-18T22:09:53","guid":{"rendered":"https:\/\/latam.cognita.network\/gimnorte-v2\/?page_id=126272"},"modified":"2025-12-11T14:09:12","modified_gmt":"2025-12-11T19:09:12","slug":"politicas","status":"publish","type":"page","link":"https:\/\/laarboleda.edu.co\/es\/politicas\/","title":{"rendered":"Pol\u00edticas"},"content":{"rendered":"\t\t<div data-elementor-type=\"wp-page\" data-elementor-id=\"126272\" class=\"elementor elementor-126272\" data-elementor-post-type=\"page\">\n\t\t\t\t<div class=\"elementor-element elementor-element-10999f19 e-con-full e-flex e-con e-child\" data-id=\"10999f19\" data-element_type=\"container\" data-e-type=\"container\" data-settings=\"{&quot;background_background&quot;:&quot;classic&quot;}\">\n\t\t\t\t<div class=\"elementor-element elementor-element-64596326 elementor-widget elementor-widget-image\" data-id=\"64596326\" data-element_type=\"widget\" data-e-type=\"widget\" data-widget_type=\"image.default\">\n\t\t\t\t<div class=\"elementor-widget-container\">\n\t\t\t\t\t\t\t\t\t\t\t\t\t\t\t<img decoding=\"async\" src=\"https:\/\/laarboleda.edu.co\/wp-content\/uploads\/sites\/34\/2024\/12\/Arboleda_School_Sede_Campestre_06.jpg?w=1625\" title=\"Arboleda_School_Sede_Campestre_06\" alt=\"Arboleda_School_Sede_Campestre_06\" loading=\"lazy\" \/>\t\t\t\t\t\t\t\t\t\t\t\t\t\t\t<\/div>\n\t\t\t\t<\/div>\n\t\t\t\t<\/div>\n\t\t<div class=\"elementor-element elementor-element-ee46959 e-flex e-con-boxed e-con e-parent\" data-id=\"ee46959\" data-element_type=\"container\" data-e-type=\"container\">\n\t\t\t\t\t<div class=\"e-con-inner\">\n\t\t\t\t<div class=\"elementor-element elementor-element-f43d962 elementor-widget elementor-widget-text-editor\" data-id=\"f43d962\" data-element_type=\"widget\" data-e-type=\"widget\" data-widget_type=\"text-editor.default\">\n\t\t\t\t<div class=\"elementor-widget-container\">\n\t\t\t\t\t\t\t\t\t<ul><li><a href=\"https:\/\/laarboleda.edu.co\/wp-content\/uploads\/sites\/34\/2025\/02\/Politica_de_Tratamiento_de_Datos_Personales.pdf\" target=\"_blank\" rel=\"noopener\">Pol\u00edtica de Tratamiento de Datos Personales<\/a><\/li><li><a href=\"https:\/\/laarboleda.edu.co\/wp-content\/uploads\/sites\/34\/2025\/02\/certificacion_de_calidad_2023.pdf\" target=\"_blank\" rel=\"noopener\">Certificaci\u00f3n de Calidad<\/a><\/li><li><a href=\"https:\/\/acrobat.adobe.com\/id\/urn:aaid:sc:US:94aa9e42-94e5-4550-83e7-317d31dac2a6\" target=\"_blank\" rel=\"noopener\">Manual de Convivencia<\/a><\/li><li><a href=\"https:\/\/laarboleda.edu.co\/wp-content\/uploads\/sites\/34\/2025\/02\/1.-Politica-SST.pdf\" target=\"_blank\" rel=\"noopener\">Pol\u00edtica de Seguridad y Salud en el Trabajo<\/a><\/li><li><a href=\"https:\/\/laarboleda.edu.co\/wp-content\/uploads\/sites\/34\/2025\/02\/Politica_vida_saludable_cero_consumo_Redcol.pdf\" target=\"_blank\" rel=\"noopener\">Pol\u00edtica de Vida Saludable y Cero Consumo<\/a><\/li><li><a href=\"https:\/\/laarboleda.edu.co\/wp-content\/uploads\/sites\/34\/2025\/02\/PEI_2023_0.pdf\" target=\"_blank\" rel=\"noopener\">Proyecto Educativo Institucional<\/a><\/li><li><a href=\"https:\/\/laarboleda.edu.co\/wp-content\/uploads\/sites\/34\/2025\/02\/resolucion_de_costos_2023_2024.pdf\" target=\"_blank\" rel=\"noopener\">Resoluci\u00f3n de Costos Educativos<\/a><\/li><li><a href=\"https:\/\/acrobat.adobe.com\/id\/urn:aaid:sc:US:1b239363-334d-4fb7-8577-1d6f758d07c9\">Pol\u00edtica de Administraci\u00f3n de Medicamentos<\/a><\/li><\/ul>\t\t\t\t\t\t\t\t<\/div>\n\t\t\t\t<\/div>\n\t\t\t\t<div class=\"elementor-element elementor-element-33e0416 elementor-widget elementor-widget-text-editor\" data-id=\"33e0416\" data-element_type=\"widget\" data-e-type=\"widget\" data-widget_type=\"text-editor.default\">\n\t\t\t\t<div class=\"elementor-widget-container\">\n\t\t\t\t\t\t\t\t\t<ul><li><a href=\"https:\/\/laarboleda.edu.co\/wp-content\/uploads\/sites\/34\/2025\/02\/siee_julio_2024.pdf\" target=\"_blank\" rel=\"noopener\">Sistema Institucional de Evaluaci\u00f3n Educativa <\/a><\/li><li><a href=\"https:\/\/laarboleda.edu.co\/wp-content\/uploads\/sites\/34\/2025\/02\/Manual-politicas-de-privacidad.pdf\" target=\"_blank\" rel=\"noopener\">Manual Interno De Pol\u00edticas Y Procedimientos <\/a><\/li><li><a href=\"https:\/\/laarboleda.edu.co\/wp-content\/uploads\/sites\/34\/2025\/02\/Politica-Ambiental-y-Social_compressed.pdf\" target=\"_blank\" rel=\"noopener\">Pol\u00edtica ambiental y social<\/a><\/li><li><a href=\"https:\/\/laarboleda.edu.co\/wp-content\/uploads\/sites\/34\/2025\/02\/SGC_Redcol_2023.pdf\" target=\"_blank\" rel=\"noopener\">Pol\u00edtica de calidad<\/a><\/li><li><a href=\"https:\/\/laarboleda.edu.co\/wp-content\/uploads\/sites\/34\/2025\/02\/Health_and_Safety_Policy_Arboleda_School.pdf\" target=\"_blank\" rel=\"noopener\">Health and Safety Policy<\/a><\/li><li><a href=\"https:\/\/laarboleda.edu.co\/wp-content\/uploads\/sites\/34\/2025\/02\/Politica_para_la_Proteccion_de_ninos_y_adolescentes_V7_.pdf\" target=\"_blank\" rel=\"noopener\">Pol\u00edtica para la protecci\u00f3n de ni\u00f1os y adolescentes<\/a><\/li><li><a href=\"https:\/\/laarboleda.edu.co\/wp-content\/uploads\/sites\/34\/2025\/02\/licencias_de_funcionamiento_2023.pdf\" target=\"_blank\" rel=\"noopener\">Licencias de funcionamiento<\/a><\/li><\/ul>\t\t\t\t\t\t\t\t<\/div>\n\t\t\t\t<\/div>\n\t\t\t\t\t<\/div>\n\t\t\t\t<\/div>\n\t\t\t\t<\/div>\n\t\t","protected":false},"excerpt":{"rendered":"<p>Pol\u00edtica de Tratamiento de Datos Personales Certificaci\u00f3n de Calidad Manual de Convivencia Pol\u00edtica de Seguridad y Salud en el Trabajo Pol\u00edtica de Vida Saludable y Cero Consumo Proyecto Educativo Institucional [&hellip;]<\/p>\n","protected":false},"author":14,"featured_media":0,"parent":0,"menu_order":0,"comment_status":"closed","ping_status":"closed","template":"elementor_header_footer","meta":{"_acf_changed":false,"content-type":"","footnotes":""},"class_list":["post-126272","page","type-page","status-publish","hentry"],"acf":[],"yoast_head":"<!-- This site is optimized with the Yoast SEO plugin v27.1.1 - https:\/\/yoast.com\/product\/yoast-seo-wordpress\/ -->\n<title>Pol\u00edticas - Arboleda School | International School Cali<\/title>\n<meta name=\"robots\" content=\"index, follow, max-snippet:-1, max-image-preview:large, max-video-preview:-1\" \/>\n<link rel=\"canonical\" href=\"https:\/\/laarboleda.edu.co\/es\/politicas\/\" \/>\n<meta property=\"og:locale\" content=\"es_ES\" \/>\n<meta property=\"og:type\" content=\"article\" \/>\n<meta property=\"og:title\" content=\"Pol\u00edticas - Arboleda School | International School Cali\" \/>\n<meta property=\"og:description\" content=\"Pol\u00edtica de Tratamiento de Datos Personales Certificaci\u00f3n de Calidad Manual de Convivencia Pol\u00edtica de Seguridad y Salud en el Trabajo Pol\u00edtica de Vida Saludable y Cero Consumo Proyecto Educativo Institucional [&hellip;]\" \/>\n<meta property=\"og:url\" content=\"https:\/\/laarboleda.edu.co\/es\/politicas\/\" \/>\n<meta property=\"og:site_name\" content=\"Arboleda School | International School Cali\" \/>\n<meta property=\"article:publisher\" content=\"https:\/\/www.facebook.com\/colegiolaarboleda\/\" \/>\n<meta property=\"article:modified_time\" content=\"2025-12-11T19:09:12+00:00\" \/>\n<meta property=\"og:image\" content=\"https:\/\/laarboleda.edu.co\/wp-content\/uploads\/sites\/34\/2024\/12\/Arboleda_School_Sede_Campestre_06.jpg?w=1625\" \/>\n<meta name=\"twitter:card\" content=\"summary_large_image\" \/>\n<meta name=\"twitter:label1\" content=\"Tiempo de lectura\" \/>\n\t<meta name=\"twitter:data1\" content=\"1 minuto\" \/>\n<script type=\"application\/ld+json\" class=\"yoast-schema-graph\">{\"@context\":\"https:\/\/schema.org\",\"@graph\":[{\"@type\":\"WebPage\",\"@id\":\"https:\/\/laarboleda.edu.co\/es\/politicas\/\",\"url\":\"https:\/\/laarboleda.edu.co\/es\/politicas\/\",\"name\":\"Pol\u00edticas - Arboleda School | International School Cali\",\"isPartOf\":{\"@id\":\"https:\/\/laarboleda.edu.co\/es\/#website\"},\"primaryImageOfPage\":{\"@id\":\"https:\/\/laarboleda.edu.co\/es\/politicas\/#primaryimage\"},\"image\":{\"@id\":\"https:\/\/laarboleda.edu.co\/es\/politicas\/#primaryimage\"},\"thumbnailUrl\":\"https:\/\/laarboleda.edu.co\/wp-content\/uploads\/sites\/34\/2024\/12\/Arboleda_School_Sede_Campestre_06.jpg?w=1625\",\"datePublished\":\"2024-12-18T22:09:53+00:00\",\"dateModified\":\"2025-12-11T19:09:12+00:00\",\"breadcrumb\":{\"@id\":\"https:\/\/laarboleda.edu.co\/es\/politicas\/#breadcrumb\"},\"inLanguage\":\"es\",\"potentialAction\":[{\"@type\":\"ReadAction\",\"target\":[\"https:\/\/laarboleda.edu.co\/es\/politicas\/\"]}]},{\"@type\":\"ImageObject\",\"inLanguage\":\"es\",\"@id\":\"https:\/\/laarboleda.edu.co\/es\/politicas\/#primaryimage\",\"url\":\"https:\/\/laarboleda.edu.co\/wp-content\/uploads\/sites\/34\/2024\/12\/Arboleda_School_Sede_Campestre_06.jpg?w=1625\",\"contentUrl\":\"https:\/\/laarboleda.edu.co\/wp-content\/uploads\/sites\/34\/2024\/12\/Arboleda_School_Sede_Campestre_06.jpg?w=1625\"},{\"@type\":\"BreadcrumbList\",\"@id\":\"https:\/\/laarboleda.edu.co\/es\/politicas\/#breadcrumb\",\"itemListElement\":[{\"@type\":\"ListItem\",\"position\":1,\"name\":\"Home\",\"item\":\"https:\/\/laarboleda.edu.co\/es\/\"},{\"@type\":\"ListItem\",\"position\":2,\"name\":\"Pol\u00edticas\"}]},{\"@type\":\"WebSite\",\"@id\":\"https:\/\/laarboleda.edu.co\/es\/#website\",\"url\":\"https:\/\/laarboleda.edu.co\/es\/\",\"name\":\"Arboleda School | International School Cali\",\"description\":\"Nos enfocamos en el desarrollo del ser y en el respeto a las diferencias. Adem\u00e1s, somos un colegio biling\u00fce (ingl\u00e9s y espa\u00f1ol, y franc\u00e9s como tercera lengua) de excelencia acad\u00e9mica y contamos con un curr\u00edculo internacional que permite intercambios internacionales a Canad\u00e1, Reino Unido, USA y Francia, as\u00ed como asesor\u00eda estudiantil para estudios superiores en el exterior.\",\"publisher\":{\"@id\":\"https:\/\/laarboleda.edu.co\/es\/#organization\"},\"potentialAction\":[{\"@type\":\"SearchAction\",\"target\":{\"@type\":\"EntryPoint\",\"urlTemplate\":\"https:\/\/laarboleda.edu.co\/es\/?s={search_term_string}\"},\"query-input\":{\"@type\":\"PropertyValueSpecification\",\"valueRequired\":true,\"valueName\":\"search_term_string\"}}],\"inLanguage\":\"es\"},{\"@type\":\"Organization\",\"@id\":\"https:\/\/laarboleda.edu.co\/es\/#organization\",\"name\":\"Arboleda School | International School Cali\",\"url\":\"https:\/\/laarboleda.edu.co\/es\/\",\"logo\":{\"@type\":\"ImageObject\",\"inLanguage\":\"es\",\"@id\":\"https:\/\/laarboleda.edu.co\/es\/#\/schema\/logo\/image\/\",\"url\":\"https:\/\/laarboleda.edu.co\/wp-content\/uploads\/sites\/34\/2024\/11\/cropped-LogoArboleda-2.png\",\"contentUrl\":\"https:\/\/laarboleda.edu.co\/wp-content\/uploads\/sites\/34\/2024\/11\/cropped-LogoArboleda-2.png\",\"width\":808,\"height\":388,\"caption\":\"Arboleda School | International School Cali\"},\"image\":{\"@id\":\"https:\/\/laarboleda.edu.co\/es\/#\/schema\/logo\/image\/\"},\"sameAs\":[\"https:\/\/www.facebook.com\/colegiolaarboleda\/\",\"https:\/\/www.instagram.com\/colegiolaarboleda\/\",\"https:\/\/www.youtube.com\/@ColegioLaArboledaCali\",\"https:\/\/www.linkedin.com\/company\/colegio-la-arboleda\"]}]}<\/script>\n<!-- \/ Yoast SEO plugin. -->","yoast_head_json":{"title":"Pol\u00edticas - Arboleda School | International School Cali","robots":{"index":"index","follow":"follow","max-snippet":"max-snippet:-1","max-image-preview":"max-image-preview:large","max-video-preview":"max-video-preview:-1"},"canonical":"https:\/\/laarboleda.edu.co\/es\/politicas\/","og_locale":"es_ES","og_type":"article","og_title":"Pol\u00edticas - Arboleda School | International School Cali","og_description":"Pol\u00edtica de Tratamiento de Datos Personales Certificaci\u00f3n de Calidad Manual de Convivencia Pol\u00edtica de Seguridad y Salud en el Trabajo Pol\u00edtica de Vida Saludable y Cero Consumo Proyecto Educativo Institucional [&hellip;]","og_url":"https:\/\/laarboleda.edu.co\/es\/politicas\/","og_site_name":"Arboleda School | International School Cali","article_publisher":"https:\/\/www.facebook.com\/colegiolaarboleda\/","article_modified_time":"2025-12-11T19:09:12+00:00","og_image":[{"url":"https:\/\/laarboleda.edu.co\/wp-content\/uploads\/sites\/34\/2024\/12\/Arboleda_School_Sede_Campestre_06.jpg?w=1625","type":"","width":"","height":""}],"twitter_card":"summary_large_image","twitter_misc":{"Tiempo de lectura":"1 minuto"},"schema":{"@context":"https:\/\/schema.org","@graph":[{"@type":"WebPage","@id":"https:\/\/laarboleda.edu.co\/es\/politicas\/","url":"https:\/\/laarboleda.edu.co\/es\/politicas\/","name":"Pol\u00edticas - Arboleda School | International School Cali","isPartOf":{"@id":"https:\/\/laarboleda.edu.co\/es\/#website"},"primaryImageOfPage":{"@id":"https:\/\/laarboleda.edu.co\/es\/politicas\/#primaryimage"},"image":{"@id":"https:\/\/laarboleda.edu.co\/es\/politicas\/#primaryimage"},"thumbnailUrl":"https:\/\/laarboleda.edu.co\/wp-content\/uploads\/sites\/34\/2024\/12\/Arboleda_School_Sede_Campestre_06.jpg?w=1625","datePublished":"2024-12-18T22:09:53+00:00","dateModified":"2025-12-11T19:09:12+00:00","breadcrumb":{"@id":"https:\/\/laarboleda.edu.co\/es\/politicas\/#breadcrumb"},"inLanguage":"es","potentialAction":[{"@type":"ReadAction","target":["https:\/\/laarboleda.edu.co\/es\/politicas\/"]}]},{"@type":"ImageObject","inLanguage":"es","@id":"https:\/\/laarboleda.edu.co\/es\/politicas\/#primaryimage","url":"https:\/\/laarboleda.edu.co\/wp-content\/uploads\/sites\/34\/2024\/12\/Arboleda_School_Sede_Campestre_06.jpg?w=1625","contentUrl":"https:\/\/laarboleda.edu.co\/wp-content\/uploads\/sites\/34\/2024\/12\/Arboleda_School_Sede_Campestre_06.jpg?w=1625"},{"@type":"BreadcrumbList","@id":"https:\/\/laarboleda.edu.co\/es\/politicas\/#breadcrumb","itemListElement":[{"@type":"ListItem","position":1,"name":"Home","item":"https:\/\/laarboleda.edu.co\/es\/"},{"@type":"ListItem","position":2,"name":"Pol\u00edticas"}]},{"@type":"WebSite","@id":"https:\/\/laarboleda.edu.co\/es\/#website","url":"https:\/\/laarboleda.edu.co\/es\/","name":"Arboleda School | International School Cali","description":"Nos enfocamos en el desarrollo del ser y en el respeto a las diferencias. Adem\u00e1s, somos un colegio biling\u00fce (ingl\u00e9s y espa\u00f1ol, y franc\u00e9s como tercera lengua) de excelencia acad\u00e9mica y contamos con un curr\u00edculo internacional que permite intercambios internacionales a Canad\u00e1, Reino Unido, USA y Francia, as\u00ed como asesor\u00eda estudiantil para estudios superiores en el exterior.","publisher":{"@id":"https:\/\/laarboleda.edu.co\/es\/#organization"},"potentialAction":[{"@type":"SearchAction","target":{"@type":"EntryPoint","urlTemplate":"https:\/\/laarboleda.edu.co\/es\/?s={search_term_string}"},"query-input":{"@type":"PropertyValueSpecification","valueRequired":true,"valueName":"search_term_string"}}],"inLanguage":"es"},{"@type":"Organization","@id":"https:\/\/laarboleda.edu.co\/es\/#organization","name":"Arboleda School | International School Cali","url":"https:\/\/laarboleda.edu.co\/es\/","logo":{"@type":"ImageObject","inLanguage":"es","@id":"https:\/\/laarboleda.edu.co\/es\/#\/schema\/logo\/image\/","url":"https:\/\/laarboleda.edu.co\/wp-content\/uploads\/sites\/34\/2024\/11\/cropped-LogoArboleda-2.png","contentUrl":"https:\/\/laarboleda.edu.co\/wp-content\/uploads\/sites\/34\/2024\/11\/cropped-LogoArboleda-2.png","width":808,"height":388,"caption":"Arboleda School | International School Cali"},"image":{"@id":"https:\/\/laarboleda.edu.co\/es\/#\/schema\/logo\/image\/"},"sameAs":["https:\/\/www.facebook.com\/colegiolaarboleda\/","https:\/\/www.instagram.com\/colegiolaarboleda\/","https:\/\/www.youtube.com\/@ColegioLaArboledaCali","https:\/\/www.linkedin.com\/company\/colegio-la-arboleda"]}]}},"jetpack_sharing_enabled":true,"_links":{"self":[{"href":"https:\/\/laarboleda.edu.co\/es\/wp-json\/wp\/v2\/pages\/126272","targetHints":{"allow":["GET"]}}],"collection":[{"href":"https:\/\/laarboleda.edu.co\/es\/wp-json\/wp\/v2\/pages"}],"about":[{"href":"https:\/\/laarboleda.edu.co\/es\/wp-json\/wp\/v2\/types\/page"}],"author":[{"embeddable":true,"href":"https:\/\/laarboleda.edu.co\/es\/wp-json\/wp\/v2\/users\/14"}],"replies":[{"embeddable":true,"href":"https:\/\/laarboleda.edu.co\/es\/wp-json\/wp\/v2\/comments?post=126272"}],"version-history":[{"count":20,"href":"https:\/\/laarboleda.edu.co\/es\/wp-json\/wp\/v2\/pages\/126272\/revisions"}],"predecessor-version":[{"id":129649,"href":"https:\/\/laarboleda.edu.co\/es\/wp-json\/wp\/v2\/pages\/126272\/revisions\/129649"}],"wp:attachment":[{"href":"https:\/\/laarboleda.edu.co\/es\/wp-json\/wp\/v2\/media?parent=126272"}],"curies":[{"name":"wp","href":"https:\/\/api.w.org\/{rel}","templated":true}]}}